{"id":59,"date":"2016-10-20T10:03:35","date_gmt":"2016-10-20T08:03:35","guid":{"rendered":"http:\/\/www.servprod-bulledigitale.com\/BelginPelitJumel\/?page_id=59"},"modified":"2017-02-23T08:34:12","modified_gmt":"2017-02-23T07:34:12","slug":"cabinet","status":"publish","type":"page","link":"https:\/\/www.cabinet-avocat-pelitjumel.fr\/index.php\/cabinet\/","title":{"rendered":"Cabinet"},"content":{"rendered":"<p><div class=\"fusion-fullwidth fullwidth-box fusion-builder-row-1 nonhundred-percent-fullwidth non-hundred-percent-height-scrolling\" style=\"background-color: rgba(255,255,255,0);background-position: center center;background-repeat: no-repeat;padding-top:20px;padding-right:0px;padding-bottom:20px;padding-left:0px;margin-bottom: 0px;margin-top: 0px;border-width: 0px 0px 0px 0px;border-color:#eae9e9;border-style:solid;\" ><div class=\"fusion-builder-row fusion-row\"><div class=\"fusion-layout-column fusion_builder_column fusion-builder-column-0 fusion_builder_column_1_1 1_1 fusion-one-full fusion-column-first fusion-column-last\" style=\"margin-top:0px;margin-bottom:30px;\"><div class=\"fusion-column-wrapper fusion-flex-column-wrapper-legacy\" style=\"background-position:left top;background-repeat:no-repeat;-webkit-background-size:cover;-moz-background-size:cover;-o-background-size:cover;background-size:cover;padding: 0px 0px 0px 0px;\"><div class=\"fusion-text fusion-text-1\"><h2 style=\"text-align: center;\">Le cabinet<\/h2>\n<\/div><div class=\"fusion-sep-clear\"><\/div><div class=\"fusion-separator\" style=\"margin-left: auto;margin-right: auto;margin-top:10px;margin-bottom:10px;width:100%;max-width:20%;\"><div class=\"fusion-separator-border sep-single sep-solid\" style=\"border-color:#e0dede;border-top-width:1px;\"><\/div><\/div><div class=\"fusion-sep-clear\"><\/div><div class=\"fusion-clearfix\"><\/div><\/div><\/div><div class=\"fusion-layout-column fusion_builder_column fusion-builder-column-1 fusion_builder_column_1_2 1_2 fusion-one-half fusion-column-first\" style=\"width:50%;width:calc(50% - ( ( 4% ) * 0.5 ) );margin-right: 4%;margin-top:0px;margin-bottom:0px;\"><div class=\"fusion-column-wrapper fusion-flex-column-wrapper-legacy\" style=\"background-position:left top;background-repeat:no-repeat;-webkit-background-size:cover;-moz-background-size:cover;-o-background-size:cover;background-size:cover;padding: 0px 0px 0px 0px;\"><div class=\"fusion-text fusion-text-2\"><p><img class=\"alignnone size-medium wp-image-145 aligncenter\" src=\"http:\/\/www.cabinet-avocat-pelitjumel.fr\/wp-content\/uploads\/2016\/10\/Belgin-Pelit-avocat-paris-300x300.jpg\" alt=\"belgin-pelit-avocat-paris\" width=\"300\" height=\"300\" srcset=\"https:\/\/www.cabinet-avocat-pelitjumel.fr\/wp-content\/uploads\/2016\/10\/Belgin-Pelit-avocat-paris-66x66.jpg 66w, https:\/\/www.cabinet-avocat-pelitjumel.fr\/wp-content\/uploads\/2016\/10\/Belgin-Pelit-avocat-paris-150x150.jpg 150w, https:\/\/www.cabinet-avocat-pelitjumel.fr\/wp-content\/uploads\/2016\/10\/Belgin-Pelit-avocat-paris-200x199.jpg 200w, https:\/\/www.cabinet-avocat-pelitjumel.fr\/wp-content\/uploads\/2016\/10\/Belgin-Pelit-avocat-paris-300x300.jpg 300w, https:\/\/www.cabinet-avocat-pelitjumel.fr\/wp-content\/uploads\/2016\/10\/Belgin-Pelit-avocat-paris-400x399.jpg 400w, https:\/\/www.cabinet-avocat-pelitjumel.fr\/wp-content\/uploads\/2016\/10\/Belgin-Pelit-avocat-paris-600x598.jpg 600w, https:\/\/www.cabinet-avocat-pelitjumel.fr\/wp-content\/uploads\/2016\/10\/Belgin-Pelit-avocat-paris-768x765.jpg 768w, https:\/\/www.cabinet-avocat-pelitjumel.fr\/wp-content\/uploads\/2016\/10\/Belgin-Pelit-avocat-paris-800x797.jpg 800w, https:\/\/www.cabinet-avocat-pelitjumel.fr\/wp-content\/uploads\/2016\/10\/Belgin-Pelit-avocat-paris-1024x1020.jpg 1024w, https:\/\/www.cabinet-avocat-pelitjumel.fr\/wp-content\/uploads\/2016\/10\/Belgin-Pelit-avocat-paris-1200x1196.jpg 1200w, https:\/\/www.cabinet-avocat-pelitjumel.fr\/wp-content\/uploads\/2016\/10\/Belgin-Pelit-avocat-paris.jpg 1440w\" sizes=\"(max-width: 300px) 100vw, 300px\" \/><\/p>\n<\/div><div class=\"fusion-clearfix\"><\/div><\/div><\/div><div class=\"fusion-layout-column fusion_builder_column fusion-builder-column-2 fusion_builder_column_1_2 1_2 fusion-one-half fusion-column-last\" style=\"width:50%;width:calc(50% - ( ( 4% ) * 0.5 ) );margin-top:30px;margin-bottom:0px;\"><div class=\"fusion-column-wrapper fusion-flex-column-wrapper-legacy\" style=\"background-position:left top;background-repeat:no-repeat;-webkit-background-size:cover;-moz-background-size:cover;-o-background-size:cover;background-size:cover;padding: 0px 0px 0px 0px;\"><div class=\"fusion-text fusion-text-3\"><p>Ma\u00eetre Belgin PELIT-JUMEL est ancien Avou\u00e9 pr\u00e8s la Cour d\u2019Appel de Paris. Suite \u00e0 l\u2019int\u00e9gration des avou\u00e9s \u00e0 la profession d\u2019avocat, elle a choisi d\u2019ouvrir son propre cabinet.<\/p>\n<p>Elle est \u00e0 votre disposition pour vous \u00e9couter, vous conseiller et vous accompagner tout au long des proc\u00e9dures, qu\u2019elles soient amiables ou judiciaires.<\/p>\n<\/div><div class=\"fusion-clearfix\"><\/div><\/div><\/div><\/div><\/div><div class=\"fusion-fullwidth fullwidth-box fusion-builder-row-2 transition_bloc nonhundred-percent-fullwidth non-hundred-percent-height-scrolling\" style=\"background-color: #618f67;background-position: center center;background-repeat: no-repeat;padding-top:20px;padding-right:0px;padding-bottom:20px;padding-left:0px;margin-bottom: 0px;margin-top: 0px;border-width: 0px 0px 0px 0px;border-color:#eae9e9;border-style:solid;\" ><div class=\"fusion-builder-row fusion-row\"><div class=\"fusion-layout-column fusion_builder_column fusion-builder-column-3 fusion_builder_column_1_1 1_1 fusion-one-full fusion-column-first fusion-column-last\" style=\"margin-top:0px;margin-bottom:0px;\"><div class=\"fusion-column-wrapper fusion-flex-column-wrapper-legacy\" style=\"background-position:left top;background-repeat:no-repeat;-webkit-background-size:cover;-moz-background-size:cover;-o-background-size:cover;background-size:cover;padding: 0px 0px 0px 0px;\"><div class=\"fusion-column-content-centered\"><div class=\"fusion-column-content\"><div class=\"fusion-text fusion-text-4\"><h2 class=\"Titre_transition\"><span style=\"color: #ffffff;\">Formation<\/span><\/h2>\n<\/div><\/div><\/div><div class=\"fusion-clearfix\"><\/div><\/div><\/div><\/div><\/div><div class=\"fusion-fullwidth fullwidth-box fusion-builder-row-3 fusion-parallax-none nonhundred-percent-fullwidth non-hundred-percent-height-scrolling\" style=\"background-color: #f2f2f2;background-image: url(&quot;http:\/\/www.cabinet-avocat-pelitjumel.fr\/wp-content\/uploads\/2016\/09\/absurdity.png&quot;);background-position: center center;background-repeat: repeat;padding-top:20px;padding-right:0px;padding-bottom:20px;padding-left:0px;margin-bottom: 0px;margin-top: 0px;border-width: 0px 0px 0px 0px;border-color:#eae9e9;border-style:solid;\" ><div class=\"fusion-builder-row fusion-row\"><div class=\"fusion-layout-column fusion_builder_column fusion-builder-column-4 fusion_builder_column_1_4 1_4 fusion-one-fourth fusion-column-first\" style=\"width:25%;width:calc(25% - ( ( 4% + 4% ) * 0.25 ) );margin-right: 4%;margin-top:0px;margin-bottom:0px;\"><div class=\"fusion-column-wrapper fusion-flex-column-wrapper-legacy\" style=\"background-position:left top;background-repeat:no-repeat;-webkit-background-size:cover;-moz-background-size:cover;-o-background-size:cover;background-size:cover;padding: 0px 0px 0px 0px;\"><div class=\"fusion-clearfix\"><\/div><\/div><\/div><div class=\"fusion-layout-column fusion_builder_column fusion-builder-column-5 fusion_builder_column_1_2 1_2 fusion-one-half\" style=\"width:50%;width:calc(50% - ( ( 4% + 4% ) * 0.5 ) );margin-right: 4%;margin-top:0px;margin-bottom:0px;\"><div class=\"fusion-column-wrapper fusion-flex-column-wrapper-legacy\" style=\"background-position:left top;background-repeat:no-repeat;-webkit-background-size:cover;-moz-background-size:cover;-o-background-size:cover;background-size:cover;padding: 0px 0px 0px 0px;\"><div class=\"fusion-text fusion-text-5\"><h4 style=\"text-align: center;\"><img class=\"alignnone size-full wp-image-155 aligncenter\" src=\"http:\/\/www.cabinet-avocat-pelitjumel.fr\/wp-content\/uploads\/2016\/10\/comp\u00e9tence.png\" alt=\"competence\" width=\"64\" height=\"64\" \/><br \/>\nMa\u00eetre Belgin PELIT-JUMEL est titulaire :<\/h4>\n<ul>\n<li>Du dipl\u00f4me Universitaire en Droit de la r\u00e9paration du dommage corporel (Panth\u00e9on &#8211; Sorbonne Paris I)<\/li>\n<li>Du dipl\u00f4me d&rsquo;aptitude professionnelle aux fonctions d&rsquo;Avou\u00e9 pr\u00e8s la Cour d&rsquo;Appel<\/li>\n<li>D&rsquo;un D.E.S.S de Droit et pratique de la proc\u00e9dure d&rsquo;appel (Universit\u00e9 Panth\u00e9on &#8211; Assas, Paris II)<\/li>\n<li>D&rsquo;un D.E.A de Droit des Affaires &#8211; avec une sp\u00e9cialisation en droit bancaire<\/li>\n<\/ul>\n<p>Ma\u00eetre Belgin PELIT-JUMEL est sp\u00e9cialiste de la proc\u00e9dure.<\/p>\n<p>Ma\u00eetre Belgin PELIT-JUMEL est Pr\u00e9sidente de l\u2019ADRDC (Association du Droit de la R\u00e9paration du Dommage Corporel)<\/p>\n<p>Elle est bilingue Fran\u00e7ais \/ Turc<\/p>\n<p>Ma\u00eetre Belgin PELIT-JUMEL est charg\u00e9e de cours au sein de l&rsquo;E.F.B. (Ecole Fran\u00e7aise du Barreau).<\/p>\n<\/div><div class=\"fusion-clearfix\"><\/div><\/div><\/div><div class=\"fusion-layout-column fusion_builder_column fusion-builder-column-6 fusion_builder_column_1_4 1_4 fusion-one-fourth fusion-column-last\" style=\"width:25%;width:calc(25% - ( ( 4% + 4% ) * 0.25 ) );margin-top:0px;margin-bottom:0px;\"><div class=\"fusion-column-wrapper fusion-flex-column-wrapper-legacy\" style=\"background-position:left top;background-repeat:no-repeat;-webkit-background-size:cover;-moz-background-size:cover;-o-background-size:cover;background-size:cover;padding: 0px 0px 0px 0px;\"><div class=\"fusion-clearfix\"><\/div><\/div><\/div><\/div><\/div><div class=\"fusion-fullwidth fullwidth-box fusion-builder-row-4 hundred-percent-fullwidth non-hundred-percent-height-scrolling fusion-equal-height-columns\" style=\"background-color: rgba(255,255,255,0);background-position: center center;background-repeat: no-repeat;padding-top:0px;padding-right:0px;padding-bottom:0px;padding-left:0px;margin-bottom: 0px;margin-top: 0px;border-width: 0px 0px 0px 0px;border-color:#eae9e9;border-style:solid;\" ><div class=\"fusion-builder-row fusion-row\"><div class=\"fusion-layout-column fusion_builder_column fusion-builder-column-7 fusion_builder_column_1_2 1_2 fusion-one-half fusion-column-first\" style=\"width:50%;width:calc(50% - ( ( 0 ) * 0.5 ) );margin-right: 0px;margin-top:0px;margin-bottom:0px;\"><div class=\"fusion-column-wrapper fusion-flex-column-wrapper-legacy\" style=\"background-position:left top;background-repeat:no-repeat;-webkit-background-size:cover;-moz-background-size:cover;-o-background-size:cover;background-size:cover;background-color:#618f67;padding: 30px 20% 30px 20%;\"><div class=\"fusion-text fusion-text-6\"><p><img class=\"alignnone size-full wp-image-167 aligncenter\" src=\"http:\/\/www.cabinet-avocat-pelitjumel.fr\/wp-content\/uploads\/2016\/10\/conf\u00e9rencier.png\" alt=\"conferencier\" width=\"64\" height=\"64\" \/><\/p>\n<h3 style=\"text-align: center;\"><span style=\"color: #ffffff;\">Charg\u00e9e de cours au sein de l&rsquo;Ecole Fran\u00e7aise du Barreau<\/span><\/h3>\n<\/div><div class=\"fusion-clearfix\"><\/div><\/div><\/div><div class=\"fusion-layout-column fusion_builder_column fusion-builder-column-8 fusion_builder_column_1_2 1_2 fusion-one-half fusion-column-last\" style=\"width:50%;width:calc(50% - ( ( 0 ) * 0.5 ) );margin-top:0px;margin-bottom:0px;\"><div class=\"fusion-column-wrapper fusion-flex-column-wrapper-legacy\" style=\"background-position:left top;background-repeat:no-repeat;-webkit-background-size:cover;-moz-background-size:cover;-o-background-size:cover;background-size:cover;background-color:#3f4143;padding: 30px 20% 30px 20%;\"><div class=\"fusion-text fusion-text-7\"><p><img class=\"drapeau_fr\" src=\"http:\/\/www.cabinet-avocat-pelitjumel.fr\/wp-content\/uploads\/2016\/10\/france.png\" alt=\"france\" width=\"47\" height=\"47\" \/><img class=\"drapeau_tur\" src=\"http:\/\/www.cabinet-avocat-pelitjumel.fr\/wp-content\/uploads\/2016\/10\/turquie.png\" alt=\"turquie\" width=\"47\" height=\"47\" \/><\/p>\n<h3 style=\"text-align: center;\"><span style=\"color: #ffffff;\">Bilingue Fran\u00e7ais &#8211; Turc<\/span><\/h3>\n<\/div><div class=\"fusion-clearfix\"><\/div><\/div><\/div><\/div><\/div><\/p>\n","protected":false},"excerpt":{"rendered":"","protected":false},"author":1,"featured_media":0,"parent":0,"menu_order":0,"comment_status":"closed","ping_status":"closed","template":"100-width.php","meta":[],"yoast_head":"<!-- This site is optimized with the Yoast SEO plugin v19.7.1 - https:\/\/yoast.com\/wordpress\/plugins\/seo\/ -->\n<title>Cabinet d&#039;avocat sur Paris - Ma\u00eetre Belgin Pelit-Jumel<\/title>\n<meta name=\"description\" content=\"Suite \u00e0 l\u2019int\u00e9gration des avou\u00e9s \u00e0 la profession d\u2019avocat, Ma\u00eetre Belgin Pelit-Jumel a choisi d\u2019ouvrir son propre cabinet.\" \/>\n<meta name=\"robots\" content=\"index, follow, max-snippet:-1, max-image-preview:large, max-video-preview:-1\" \/>\n<link rel=\"canonical\" href=\"http:\/\/www.cabinet-avocat-pelitjumel.fr\/index.php\/cabinet\/\" \/>\n<meta property=\"og:locale\" content=\"fr_FR\" \/>\n<meta property=\"og:type\" content=\"article\" \/>\n<meta property=\"og:title\" content=\"Cabinet d&#039;avocat sur Paris - Ma\u00eetre Belgin Pelit-Jumel\" \/>\n<meta property=\"og:description\" content=\"Suite \u00e0 l\u2019int\u00e9gration des avou\u00e9s \u00e0 la profession d\u2019avocat, Ma\u00eetre Belgin Pelit-Jumel a choisi d\u2019ouvrir son propre cabinet.\" \/>\n<meta property=\"og:url\" content=\"http:\/\/www.cabinet-avocat-pelitjumel.fr\/index.php\/cabinet\/\" \/>\n<meta property=\"og:site_name\" content=\"Belgin Pelit-Jumel - Avocat\" \/>\n<meta property=\"article:modified_time\" content=\"2017-02-23T07:34:12+00:00\" \/>\n<meta property=\"og:image\" content=\"http:\/\/www.cabinet-avocat-pelitjumel.fr\/wp-content\/uploads\/2016\/10\/Belgin-Pelit-avocat-paris-300x300.jpg\" \/>\n<meta name=\"twitter:card\" content=\"summary\" \/>\n<meta name=\"twitter:label1\" content=\"Dur\u00e9e de lecture estim\u00e9e\" \/>\n\t<meta name=\"twitter:data1\" content=\"6 minutes\" \/>\n<script type=\"application\/ld+json\" class=\"yoast-schema-graph\">{\"@context\":\"https:\/\/schema.org\",\"@graph\":[{\"@type\":\"WebPage\",\"@id\":\"http:\/\/www.cabinet-avocat-pelitjumel.fr\/index.php\/cabinet\/\",\"url\":\"http:\/\/www.cabinet-avocat-pelitjumel.fr\/index.php\/cabinet\/\",\"name\":\"Cabinet d'avocat sur Paris - Ma\u00eetre Belgin Pelit-Jumel\",\"isPartOf\":{\"@id\":\"https:\/\/www.cabinet-avocat-pelitjumel.fr\/#website\"},\"datePublished\":\"2016-10-20T08:03:35+00:00\",\"dateModified\":\"2017-02-23T07:34:12+00:00\",\"description\":\"Suite \u00e0 l\u2019int\u00e9gration des avou\u00e9s \u00e0 la profession d\u2019avocat, Ma\u00eetre Belgin Pelit-Jumel a choisi d\u2019ouvrir son propre cabinet.\",\"breadcrumb\":{\"@id\":\"http:\/\/www.cabinet-avocat-pelitjumel.fr\/index.php\/cabinet\/#breadcrumb\"},\"inLanguage\":\"fr-FR\",\"potentialAction\":[{\"@type\":\"ReadAction\",\"target\":[\"http:\/\/www.cabinet-avocat-pelitjumel.fr\/index.php\/cabinet\/\"]}]},{\"@type\":\"BreadcrumbList\",\"@id\":\"http:\/\/www.cabinet-avocat-pelitjumel.fr\/index.php\/cabinet\/#breadcrumb\",\"itemListElement\":[{\"@type\":\"ListItem\",\"position\":1,\"name\":\"Accueil\",\"item\":\"https:\/\/www.cabinet-avocat-pelitjumel.fr\/\"},{\"@type\":\"ListItem\",\"position\":2,\"name\":\"Cabinet\"}]},{\"@type\":\"WebSite\",\"@id\":\"https:\/\/www.cabinet-avocat-pelitjumel.fr\/#website\",\"url\":\"https:\/\/www.cabinet-avocat-pelitjumel.fr\/\",\"name\":\"Belgin Pelit-Jumel - Avocat\",\"description\":\"Un site utilisant WordPress\",\"potentialAction\":[{\"@type\":\"SearchAction\",\"target\":{\"@type\":\"EntryPoint\",\"urlTemplate\":\"https:\/\/www.cabinet-avocat-pelitjumel.fr\/?s={search_term_string}\"},\"query-input\":\"required name=search_term_string\"}],\"inLanguage\":\"fr-FR\"}]}<\/script>\n<!-- \/ Yoast SEO plugin. -->","yoast_head_json":{"title":"Cabinet d'avocat sur Paris - Ma\u00eetre Belgin Pelit-Jumel","description":"Suite \u00e0 l\u2019int\u00e9gration des avou\u00e9s \u00e0 la profession d\u2019avocat, Ma\u00eetre Belgin Pelit-Jumel a choisi d\u2019ouvrir son propre cabinet.","robots":{"index":"index","follow":"follow","max-snippet":"max-snippet:-1","max-image-preview":"max-image-preview:large","max-video-preview":"max-video-preview:-1"},"canonical":"http:\/\/www.cabinet-avocat-pelitjumel.fr\/index.php\/cabinet\/","og_locale":"fr_FR","og_type":"article","og_title":"Cabinet d'avocat sur Paris - Ma\u00eetre Belgin Pelit-Jumel","og_description":"Suite \u00e0 l\u2019int\u00e9gration des avou\u00e9s \u00e0 la profession d\u2019avocat, Ma\u00eetre Belgin Pelit-Jumel a choisi d\u2019ouvrir son propre cabinet.","og_url":"http:\/\/www.cabinet-avocat-pelitjumel.fr\/index.php\/cabinet\/","og_site_name":"Belgin Pelit-Jumel - Avocat","article_modified_time":"2017-02-23T07:34:12+00:00","og_image":[{"url":"http:\/\/www.cabinet-avocat-pelitjumel.fr\/wp-content\/uploads\/2016\/10\/Belgin-Pelit-avocat-paris-300x300.jpg"}],"twitter_card":"summary","twitter_misc":{"Dur\u00e9e de lecture estim\u00e9e":"6 minutes"},"schema":{"@context":"https:\/\/schema.org","@graph":[{"@type":"WebPage","@id":"http:\/\/www.cabinet-avocat-pelitjumel.fr\/index.php\/cabinet\/","url":"http:\/\/www.cabinet-avocat-pelitjumel.fr\/index.php\/cabinet\/","name":"Cabinet d'avocat sur Paris - Ma\u00eetre Belgin Pelit-Jumel","isPartOf":{"@id":"https:\/\/www.cabinet-avocat-pelitjumel.fr\/#website"},"datePublished":"2016-10-20T08:03:35+00:00","dateModified":"2017-02-23T07:34:12+00:00","description":"Suite \u00e0 l\u2019int\u00e9gration des avou\u00e9s \u00e0 la profession d\u2019avocat, Ma\u00eetre Belgin Pelit-Jumel a choisi d\u2019ouvrir son propre cabinet.","breadcrumb":{"@id":"http:\/\/www.cabinet-avocat-pelitjumel.fr\/index.php\/cabinet\/#breadcrumb"},"inLanguage":"fr-FR","potentialAction":[{"@type":"ReadAction","target":["http:\/\/www.cabinet-avocat-pelitjumel.fr\/index.php\/cabinet\/"]}]},{"@type":"BreadcrumbList","@id":"http:\/\/www.cabinet-avocat-pelitjumel.fr\/index.php\/cabinet\/#breadcrumb","itemListElement":[{"@type":"ListItem","position":1,"name":"Accueil","item":"https:\/\/www.cabinet-avocat-pelitjumel.fr\/"},{"@type":"ListItem","position":2,"name":"Cabinet"}]},{"@type":"WebSite","@id":"https:\/\/www.cabinet-avocat-pelitjumel.fr\/#website","url":"https:\/\/www.cabinet-avocat-pelitjumel.fr\/","name":"Belgin Pelit-Jumel - Avocat","description":"Un site utilisant WordPress","potentialAction":[{"@type":"SearchAction","target":{"@type":"EntryPoint","urlTemplate":"https:\/\/www.cabinet-avocat-pelitjumel.fr\/?s={search_term_string}"},"query-input":"required name=search_term_string"}],"inLanguage":"fr-FR"}]}},"_links":{"self":[{"href":"https:\/\/www.cabinet-avocat-pelitjumel.fr\/index.php\/wp-json\/wp\/v2\/pages\/59"}],"collection":[{"href":"https:\/\/www.cabinet-avocat-pelitjumel.fr\/index.php\/wp-json\/wp\/v2\/pages"}],"about":[{"href":"https:\/\/www.cabinet-avocat-pelitjumel.fr\/index.php\/wp-json\/wp\/v2\/types\/page"}],"author":[{"embeddable":true,"href":"https:\/\/www.cabinet-avocat-pelitjumel.fr\/index.php\/wp-json\/wp\/v2\/users\/1"}],"replies":[{"embeddable":true,"href":"https:\/\/www.cabinet-avocat-pelitjumel.fr\/index.php\/wp-json\/wp\/v2\/comments?post=59"}],"version-history":[{"count":43,"href":"https:\/\/www.cabinet-avocat-pelitjumel.fr\/index.php\/wp-json\/wp\/v2\/pages\/59\/revisions"}],"predecessor-version":[{"id":333,"href":"https:\/\/www.cabinet-avocat-pelitjumel.fr\/index.php\/wp-json\/wp\/v2\/pages\/59\/revisions\/333"}],"wp:attachment":[{"href":"https:\/\/www.cabinet-avocat-pelitjumel.fr\/index.php\/wp-json\/wp\/v2\/media?parent=59"}],"curies":[{"name":"wp","href":"https:\/\/api.w.org\/{rel}","templated":true}]}}