{"id":55,"date":"2016-10-20T10:03:14","date_gmt":"2016-10-20T08:03:14","guid":{"rendered":"http:\/\/www.servprod-bulledigitale.com\/BelginPelitJumel\/?page_id=55"},"modified":"2016-12-06T12:07:30","modified_gmt":"2016-12-06T11:07:30","slug":"reparation-dommage-corporel","status":"publish","type":"page","link":"https:\/\/www.cabinet-avocat-pelitjumel.fr\/index.php\/reparation-dommage-corporel\/","title":{"rendered":"R\u00e9paration de dommage corporel"},"content":{"rendered":"<p><div class=\"fusion-fullwidth fullwidth-box fusion-builder-row-1 nonhundred-percent-fullwidth non-hundred-percent-height-scrolling\" style=\"background-color: rgba(255,255,255,0);background-position: center center;background-repeat: no-repeat;padding-top:20px;padding-right:0px;padding-bottom:20px;padding-left:0px;margin-bottom: 0px;margin-top: 0px;border-width: 0px 0px 0px 0px;border-color:#eae9e9;border-style:solid;\" ><div class=\"fusion-builder-row fusion-row\"><div class=\"fusion-layout-column fusion_builder_column fusion-builder-column-0 fusion_builder_column_1_1 1_1 fusion-one-full fusion-column-first fusion-column-last\" style=\"margin-top:0px;margin-bottom:30px;\"><div class=\"fusion-column-wrapper fusion-flex-column-wrapper-legacy\" style=\"background-position:left top;background-repeat:no-repeat;-webkit-background-size:cover;-moz-background-size:cover;-o-background-size:cover;background-size:cover;padding: 0px 0px 0px 0px;\"><div class=\"fusion-text fusion-text-1\"><h2 style=\"text-align: center;\">R\u00e9paration du<br \/>\ndommage corporel<\/h2>\n<\/div><div class=\"fusion-sep-clear\"><\/div><div class=\"fusion-separator\" style=\"margin-left: auto;margin-right: auto;margin-top:10px;margin-bottom:10px;width:100%;max-width:20%;\"><div class=\"fusion-separator-border sep-single sep-solid\" style=\"border-color:#e0dede;border-top-width:1px;\"><\/div><\/div><div class=\"fusion-sep-clear\"><\/div><div class=\"fusion-clearfix\"><\/div><\/div><\/div><\/div><\/div><div class=\"fusion-fullwidth fullwidth-box fusion-builder-row-2 fusion-parallax-none nonhundred-percent-fullwidth non-hundred-percent-height-scrolling\" style=\"background-color: #f1f1f1;background-image: url(&quot;http:\/\/www.cabinet-avocat-pelitjumel.fr\/wp-content\/uploads\/2016\/09\/absurdity.png&quot;);background-position: center center;background-repeat: repeat;padding-top:20px;padding-right:0px;padding-bottom:20px;padding-left:0px;margin-bottom: 0px;margin-top: 0px;border-width: 0px 0px 0px 0px;border-color:#eae9e9;border-style:solid;\" ><div class=\"fusion-builder-row fusion-row\"><div class=\"fusion-layout-column fusion_builder_column fusion-builder-column-1 fusion_builder_column_1_1 1_1 fusion-one-full fusion-column-first fusion-column-last\" style=\"margin-top:0px;margin-bottom:0px;\"><div class=\"fusion-column-wrapper fusion-flex-column-wrapper-legacy\" style=\"background-position:left top;background-repeat:no-repeat;-webkit-background-size:cover;-moz-background-size:cover;-o-background-size:cover;background-size:cover;padding: 0px 0px 0px 0px;\"><div class=\"fusion-text fusion-text-2\"><p><img class=\" wp-image-198 alignleft\" style=\"margin: 20px 40px;\" src=\"http:\/\/www.cabinet-avocat-pelitjumel.fr\/wp-content\/uploads\/2016\/10\/repa-dommage-corpo.png\" alt=\"repa-dommage-corpo\" width=\"197\" height=\"189\" srcset=\"https:\/\/www.cabinet-avocat-pelitjumel.fr\/wp-content\/uploads\/2016\/10\/repa-dommage-corpo-200x193.png 200w, https:\/\/www.cabinet-avocat-pelitjumel.fr\/wp-content\/uploads\/2016\/10\/repa-dommage-corpo.png 242w\" sizes=\"(max-width: 197px) 100vw, 197px\" \/><\/p>\n<ul>\n<li style=\"text-align: justify;\"><strong>Accidents de la circulation<\/strong> : vous \u00eates victime d\u2019un accident de la circulation, en France ou \u00e0 l\u2019\u00e9tranger<\/li>\n<li style=\"text-align: justify;\"><strong>Accidents de la vie<\/strong> : vous \u00eates\u00a0victime d\u2019un accident de la vie courante \u00e0 votre domicile ou pr\u00e8s de votre domicile, \u00a0\u00e0 l\u2019\u00e9cole, lors de la pratique d\u2019un sport ou d\u2019une activit\u00e9 de loisirs ou pendant des vacances&#8230;<\/li>\n<li style=\"text-align: justify;\"><strong>Accidents du travail<\/strong> : vous \u00eates\u00a0victime d\u2019un accident du travail ou d\u2019une maladie professionnelle.<\/li>\n<li style=\"text-align: justify;\"><strong>Erreurs m\u00e9dicales<\/strong> : vous \u00eates victime d\u2019accidents m\u00e9dicaux graves imputables \u00e0 un al\u00e9a th\u00e9rapeutique, \u00e0 une faute du professionnel ou de l\u2019\u00e9tablissement de sant\u00e9, d\u2019une infection nosocomiale.<\/li>\n<li style=\"text-align: justify;\"><strong>Infractions<\/strong> :\u00a0vous \u00eates victime d\u2019agression, de violences&#8230;<\/li>\n<li style=\"text-align: justify;\"><strong>Aide \u00e0 la reconnaissance du taux d\u2019incapacit\u00e9<\/strong>, \u00e0 l&rsquo;attribution d\u2019allocations (MDPH, CDAPH, TCI).<\/li>\n<\/ul>\n<p style=\"text-align: justify; margin-top: 50px;\">Ma\u00eetre Belgin PELIT-JUMEL est \u00e0 votre \u00e9coute afin que votre statut de victime soit reconnu\u00a0et pour que vous soyez indemnis\u00e9 justement.<\/p>\n<p style=\"text-align: justify;\">Ma\u00eetre Belgin PELIT-JUMEL vous apporte tous conseils, vous assiste lors des op\u00e9rations\u00a0d\u2019expertise qu\u2019elles soient amiables ou judiciaires, puis dans le cadre d\u2019une transaction ou\u00a0d\u2019un r\u00e8glement judiciaire.<\/p>\n<\/div><div class=\"fusion-clearfix\"><\/div><\/div><\/div><\/div><\/div><\/p>\n","protected":false},"excerpt":{"rendered":"","protected":false},"author":1,"featured_media":0,"parent":0,"menu_order":0,"comment_status":"closed","ping_status":"closed","template":"100-width.php","meta":[],"yoast_head":"<!-- This site is optimized with the Yoast SEO plugin v19.7.1 - https:\/\/yoast.com\/wordpress\/plugins\/seo\/ -->\n<title>R\u00e9paration de dommage corporel - Belgin Pelit-Jumel - Avocat<\/title>\n<meta name=\"description\" content=\"Ma\u00eetre Belgin PELIT-JUMEL est \u00e0 votre \u00e9coute afin que votre statut de victime soit reconnu et pour que vous soyez indemnis\u00e9 justement.\" \/>\n<meta name=\"robots\" content=\"index, follow, max-snippet:-1, max-image-preview:large, max-video-preview:-1\" \/>\n<link rel=\"canonical\" href=\"http:\/\/www.cabinet-avocat-pelitjumel.fr\/index.php\/reparation-dommage-corporel\/\" \/>\n<meta property=\"og:locale\" content=\"fr_FR\" \/>\n<meta property=\"og:type\" content=\"article\" \/>\n<meta property=\"og:title\" content=\"R\u00e9paration de dommage corporel - Belgin Pelit-Jumel - Avocat\" \/>\n<meta property=\"og:description\" content=\"Ma\u00eetre Belgin PELIT-JUMEL est \u00e0 votre \u00e9coute afin que votre statut de victime soit reconnu et pour que vous soyez indemnis\u00e9 justement.\" \/>\n<meta property=\"og:url\" content=\"http:\/\/www.cabinet-avocat-pelitjumel.fr\/index.php\/reparation-dommage-corporel\/\" \/>\n<meta property=\"og:site_name\" content=\"Belgin Pelit-Jumel - Avocat\" \/>\n<meta property=\"article:modified_time\" content=\"2016-12-06T11:07:30+00:00\" \/>\n<meta property=\"og:image\" content=\"http:\/\/www.cabinet-avocat-pelitjumel.fr\/wp-content\/uploads\/2016\/10\/repa-dommage-corpo.png\" \/>\n<meta name=\"twitter:card\" content=\"summary\" \/>\n<meta name=\"twitter:label1\" content=\"Dur\u00e9e de lecture estim\u00e9e\" \/>\n\t<meta name=\"twitter:data1\" content=\"3 minutes\" \/>\n<script type=\"application\/ld+json\" class=\"yoast-schema-graph\">{\"@context\":\"https:\/\/schema.org\",\"@graph\":[{\"@type\":\"WebPage\",\"@id\":\"http:\/\/www.cabinet-avocat-pelitjumel.fr\/index.php\/reparation-dommage-corporel\/\",\"url\":\"http:\/\/www.cabinet-avocat-pelitjumel.fr\/index.php\/reparation-dommage-corporel\/\",\"name\":\"R\u00e9paration de dommage corporel - Belgin Pelit-Jumel - Avocat\",\"isPartOf\":{\"@id\":\"http:\/\/www.cabinet-avocat-pelitjumel.fr\/#website\"},\"datePublished\":\"2016-10-20T08:03:14+00:00\",\"dateModified\":\"2016-12-06T11:07:30+00:00\",\"description\":\"Ma\u00eetre Belgin PELIT-JUMEL est \u00e0 votre \u00e9coute afin que votre statut de victime soit reconnu et pour que vous soyez indemnis\u00e9 justement.\",\"breadcrumb\":{\"@id\":\"http:\/\/www.cabinet-avocat-pelitjumel.fr\/index.php\/reparation-dommage-corporel\/#breadcrumb\"},\"inLanguage\":\"fr-FR\",\"potentialAction\":[{\"@type\":\"ReadAction\",\"target\":[\"http:\/\/www.cabinet-avocat-pelitjumel.fr\/index.php\/reparation-dommage-corporel\/\"]}]},{\"@type\":\"BreadcrumbList\",\"@id\":\"http:\/\/www.cabinet-avocat-pelitjumel.fr\/index.php\/reparation-dommage-corporel\/#breadcrumb\",\"itemListElement\":[{\"@type\":\"ListItem\",\"position\":1,\"name\":\"Accueil\",\"item\":\"http:\/\/www.cabinet-avocat-pelitjumel.fr\/\"},{\"@type\":\"ListItem\",\"position\":2,\"name\":\"R\u00e9paration de dommage corporel\"}]},{\"@type\":\"WebSite\",\"@id\":\"http:\/\/www.cabinet-avocat-pelitjumel.fr\/#website\",\"url\":\"http:\/\/www.cabinet-avocat-pelitjumel.fr\/\",\"name\":\"Belgin Pelit-Jumel - Avocat\",\"description\":\"Un site utilisant WordPress\",\"potentialAction\":[{\"@type\":\"SearchAction\",\"target\":{\"@type\":\"EntryPoint\",\"urlTemplate\":\"http:\/\/www.cabinet-avocat-pelitjumel.fr\/?s={search_term_string}\"},\"query-input\":\"required name=search_term_string\"}],\"inLanguage\":\"fr-FR\"}]}<\/script>\n<!-- \/ Yoast SEO plugin. -->","yoast_head_json":{"title":"R\u00e9paration de dommage corporel - Belgin Pelit-Jumel - Avocat","description":"Ma\u00eetre Belgin PELIT-JUMEL est \u00e0 votre \u00e9coute afin que votre statut de victime soit reconnu et pour que vous soyez indemnis\u00e9 justement.","robots":{"index":"index","follow":"follow","max-snippet":"max-snippet:-1","max-image-preview":"max-image-preview:large","max-video-preview":"max-video-preview:-1"},"canonical":"http:\/\/www.cabinet-avocat-pelitjumel.fr\/index.php\/reparation-dommage-corporel\/","og_locale":"fr_FR","og_type":"article","og_title":"R\u00e9paration de dommage corporel - Belgin Pelit-Jumel - Avocat","og_description":"Ma\u00eetre Belgin PELIT-JUMEL est \u00e0 votre \u00e9coute afin que votre statut de victime soit reconnu et pour que vous soyez indemnis\u00e9 justement.","og_url":"http:\/\/www.cabinet-avocat-pelitjumel.fr\/index.php\/reparation-dommage-corporel\/","og_site_name":"Belgin Pelit-Jumel - Avocat","article_modified_time":"2016-12-06T11:07:30+00:00","og_image":[{"url":"http:\/\/www.cabinet-avocat-pelitjumel.fr\/wp-content\/uploads\/2016\/10\/repa-dommage-corpo.png"}],"twitter_card":"summary","twitter_misc":{"Dur\u00e9e de lecture estim\u00e9e":"3 minutes"},"schema":{"@context":"https:\/\/schema.org","@graph":[{"@type":"WebPage","@id":"http:\/\/www.cabinet-avocat-pelitjumel.fr\/index.php\/reparation-dommage-corporel\/","url":"http:\/\/www.cabinet-avocat-pelitjumel.fr\/index.php\/reparation-dommage-corporel\/","name":"R\u00e9paration de dommage corporel - Belgin Pelit-Jumel - Avocat","isPartOf":{"@id":"http:\/\/www.cabinet-avocat-pelitjumel.fr\/#website"},"datePublished":"2016-10-20T08:03:14+00:00","dateModified":"2016-12-06T11:07:30+00:00","description":"Ma\u00eetre Belgin PELIT-JUMEL est \u00e0 votre \u00e9coute afin que votre statut de victime soit reconnu et pour que vous soyez indemnis\u00e9 justement.","breadcrumb":{"@id":"http:\/\/www.cabinet-avocat-pelitjumel.fr\/index.php\/reparation-dommage-corporel\/#breadcrumb"},"inLanguage":"fr-FR","potentialAction":[{"@type":"ReadAction","target":["http:\/\/www.cabinet-avocat-pelitjumel.fr\/index.php\/reparation-dommage-corporel\/"]}]},{"@type":"BreadcrumbList","@id":"http:\/\/www.cabinet-avocat-pelitjumel.fr\/index.php\/reparation-dommage-corporel\/#breadcrumb","itemListElement":[{"@type":"ListItem","position":1,"name":"Accueil","item":"http:\/\/www.cabinet-avocat-pelitjumel.fr\/"},{"@type":"ListItem","position":2,"name":"R\u00e9paration de dommage corporel"}]},{"@type":"WebSite","@id":"http:\/\/www.cabinet-avocat-pelitjumel.fr\/#website","url":"http:\/\/www.cabinet-avocat-pelitjumel.fr\/","name":"Belgin Pelit-Jumel - Avocat","description":"Un site utilisant WordPress","potentialAction":[{"@type":"SearchAction","target":{"@type":"EntryPoint","urlTemplate":"http:\/\/www.cabinet-avocat-pelitjumel.fr\/?s={search_term_string}"},"query-input":"required name=search_term_string"}],"inLanguage":"fr-FR"}]}},"_links":{"self":[{"href":"https:\/\/www.cabinet-avocat-pelitjumel.fr\/index.php\/wp-json\/wp\/v2\/pages\/55"}],"collection":[{"href":"https:\/\/www.cabinet-avocat-pelitjumel.fr\/index.php\/wp-json\/wp\/v2\/pages"}],"about":[{"href":"https:\/\/www.cabinet-avocat-pelitjumel.fr\/index.php\/wp-json\/wp\/v2\/types\/page"}],"author":[{"embeddable":true,"href":"https:\/\/www.cabinet-avocat-pelitjumel.fr\/index.php\/wp-json\/wp\/v2\/users\/1"}],"replies":[{"embeddable":true,"href":"https:\/\/www.cabinet-avocat-pelitjumel.fr\/index.php\/wp-json\/wp\/v2\/comments?post=55"}],"version-history":[{"count":24,"href":"https:\/\/www.cabinet-avocat-pelitjumel.fr\/index.php\/wp-json\/wp\/v2\/pages\/55\/revisions"}],"predecessor-version":[{"id":329,"href":"https:\/\/www.cabinet-avocat-pelitjumel.fr\/index.php\/wp-json\/wp\/v2\/pages\/55\/revisions\/329"}],"wp:attachment":[{"href":"https:\/\/www.cabinet-avocat-pelitjumel.fr\/index.php\/wp-json\/wp\/v2\/media?parent=55"}],"curies":[{"name":"wp","href":"https:\/\/api.w.org\/{rel}","templated":true}]}}