{"id":227,"date":"2016-11-14T15:38:08","date_gmt":"2016-11-14T14:38:08","guid":{"rendered":"http:\/\/www.servprod-bulledigitale.com\/BelginPelitJumel\/?page_id=227"},"modified":"2016-12-06T11:36:56","modified_gmt":"2016-12-06T10:36:56","slug":"procedure-et-du-contentieux-devant-les-differentes-juridictions","status":"publish","type":"page","link":"https:\/\/www.cabinet-avocat-pelitjumel.fr\/index.php\/procedure-et-du-contentieux-devant-les-differentes-juridictions\/","title":{"rendered":"Proc\u00e9dure et du contentieux devant les diff\u00e9rentes juridictions"},"content":{"rendered":"<p><div class=\"fusion-fullwidth fullwidth-box fusion-builder-row-1 nonhundred-percent-fullwidth non-hundred-percent-height-scrolling\" style=\"background-color: rgba(255,255,255,0);background-position: center center;background-repeat: no-repeat;padding-top:20px;padding-right:0px;padding-bottom:20px;padding-left:0px;margin-bottom: 0px;margin-top: 0px;border-width: 0px 0px 0px 0px;border-color:#eae9e9;border-style:solid;\" ><div class=\"fusion-builder-row fusion-row\"><div class=\"fusion-layout-column fusion_builder_column fusion-builder-column-0 fusion_builder_column_1_1 1_1 fusion-one-full fusion-column-first fusion-column-last\" style=\"margin-top:0px;margin-bottom:30px;\"><div class=\"fusion-column-wrapper fusion-flex-column-wrapper-legacy\" style=\"background-position:left top;background-repeat:no-repeat;-webkit-background-size:cover;-moz-background-size:cover;-o-background-size:cover;background-size:cover;padding: 0px 0px 0px 0px;\"><div class=\"fusion-text fusion-text-1\"><h2 style=\"text-align: center;\">Proc\u00e9dure et contentieux<br \/>\ndevant les diff\u00e9rentes juridictions<\/h2>\n<\/div><div class=\"fusion-sep-clear\"><\/div><div class=\"fusion-separator\" style=\"margin-left: auto;margin-right: auto;margin-top:10px;margin-bottom:10px;width:100%;max-width:20%;\"><div class=\"fusion-separator-border sep-single sep-solid\" style=\"border-color:#e0dede;border-top-width:1px;\"><\/div><\/div><div class=\"fusion-sep-clear\"><\/div><div class=\"fusion-clearfix\"><\/div><\/div><\/div><\/div><\/div><div class=\"fusion-fullwidth fullwidth-box fusion-builder-row-2 fusion-parallax-none nonhundred-percent-fullwidth non-hundred-percent-height-scrolling\" style=\"background-color: #f1f1f1;background-image: url(&quot;http:\/\/www.cabinet-avocat-pelitjumel.fr\/wp-content\/uploads\/2016\/09\/absurdity.png&quot;);background-position: center center;background-repeat: repeat;padding-top:20px;padding-right:0px;padding-bottom:20px;padding-left:0px;margin-bottom: 0px;margin-top: 0px;border-width: 0px 0px 0px 0px;border-color:#eae9e9;border-style:solid;\" ><div class=\"fusion-builder-row fusion-row\"><div class=\"fusion-layout-column fusion_builder_column fusion-builder-column-1 fusion_builder_column_1_1 1_1 fusion-one-full fusion-column-first fusion-column-last\" style=\"margin-top:0px;margin-bottom:0px;\"><div class=\"fusion-column-wrapper fusion-flex-column-wrapper-legacy\" style=\"background-position:left top;background-repeat:no-repeat;-webkit-background-size:cover;-moz-background-size:cover;-o-background-size:cover;background-size:cover;padding: 0px 0px 0px 0px;\"><div class=\"fusion-clearfix\"><\/div><\/div><\/div><div class=\"fusion-layout-column fusion_builder_column fusion-builder-column-2 fusion_builder_column_1_2 1_2 fusion-one-half fusion-column-first\" style=\"width:50%;width:calc(50% - ( ( 4% ) * 0.5 ) );margin-right: 4%;margin-top:0px;margin-bottom:0px;\"><div class=\"fusion-column-wrapper fusion-flex-column-wrapper-legacy\" style=\"background-position:left top;background-repeat:no-repeat;-webkit-background-size:cover;-moz-background-size:cover;-o-background-size:cover;background-size:cover;padding: 0px 0px 0px 0px;\"><div class=\"fusion-text fusion-text-2\"><h4 style=\"text-align: center;\">Vous \u00eates avocat<\/h4>\n<p style=\"text-align: justify;\">Ma\u00eetre Belgin PELIT-JUMEL met \u00e0 la disposition de ses confr\u00e8res son expertise de la proc\u00e9dure et intervient en tant que postulant devant la Cour d\u2019Appel de PARIS ou\u00a0devant le Tribunal de Grande Instance de PARIS.<\/p>\n<p style=\"text-align: justify;\">Apr\u00e8s une \u00e9tude minutieuse de chaque dossier, elle r\u00e9gularise les actes devant les juridictions, que ce soit assignation, d\u00e9claration d\u2019appel ou constitution et informe des d\u00e9lais, notamment des d\u00e9lais MAGENDIE II.<\/p>\n<p style=\"text-align: justify;\">Elle est \u00e0 votre disposition pour :<\/p>\n<ul>\n<li style=\"text-align: justify;\"><strong>Etablir\u00a0<\/strong>toute consultation sur l\u2019opportunit\u00e9 de la proc\u00e9dure,<\/li>\n<li style=\"text-align: justify;\"><strong>Apporter<\/strong> tous conseils sur la strat\u00e9gie \u00e0 adopter au regard de sa connaissance approfondie des juridictions,<\/li>\n<li style=\"text-align: justify;\"><strong>R\u00e9diger<\/strong> actes et conclusions,<\/li>\n<li style=\"text-align: justify;\"><strong>Conseiller <\/strong>tout incident proc\u00e9dural et le plaider<\/li>\n<li style=\"text-align: justify;\"><strong>Ex\u00e9cuter <\/strong>les d\u00e9cisions<\/li>\n<\/ul>\n<\/div><div class=\"fusion-clearfix\"><\/div><\/div><\/div><div class=\"fusion-layout-column fusion_builder_column fusion-builder-column-3 fusion_builder_column_1_2 1_2 fusion-one-half fusion-column-last\" style=\"width:50%;width:calc(50% - ( ( 4% ) * 0.5 ) );margin-top:0px;margin-bottom:0px;\"><div class=\"fusion-column-wrapper fusion-flex-column-wrapper-legacy\" style=\"background-position:left top;background-repeat:no-repeat;-webkit-background-size:cover;-moz-background-size:cover;-o-background-size:cover;background-size:cover;padding: 0px 0px 0px 0px;\"><div class=\"fusion-text fusion-text-3\"><h4 style=\"text-align: center;\">Vous \u00eates un particulier \/ une entreprise<\/h4>\n<p>Sp\u00e9cialiste de la proc\u00e9dure, Ma\u00eetre Belgin PELIT-JUMEL\u00a0 informe et conseille ses clients sur l\u2019opportunit\u00e9 de la\u00a0proc\u00e9dure devant les juridictions de premi\u00e8re instance et devant la Cour.<\/p>\n<p>Ma\u00eetre Belgin PELIT-JUMEL, forte de sa connaissance des juridictions parisiennes, met au service de ses clients toute son expertise pour mettre en \u0153uvre les strat\u00e9gies proc\u00e9durales.<\/p>\n<p>Elle s\u2019occupe enfin de garantir la cr\u00e9ance de ses clients (hypoth\u00e8ques) et de l\u2019ex\u00e9cution des d\u00e9cisions de justice, notamment par la prise de s\u00fbret\u00e9, saisies, r\u00e9f\u00e9r\u00e9s ex\u00e9cution ou hypoth\u00e8que..<\/p>\n<p>Elle a pleinement \u00e0 c\u0153ur de d\u00e9fendre les droits de la d\u00e9fense et l\u2019int\u00e9r\u00eat de ses clients.<\/p>\n<\/div><div class=\"fusion-clearfix\"><\/div><\/div><\/div><\/div><\/div><\/p>\n","protected":false},"excerpt":{"rendered":"","protected":false},"author":1,"featured_media":0,"parent":0,"menu_order":0,"comment_status":"closed","ping_status":"closed","template":"100-width.php","meta":[],"yoast_head":"<!-- This site is optimized with the Yoast SEO plugin v19.7.1 - https:\/\/yoast.com\/wordpress\/plugins\/seo\/ -->\n<title>Proc\u00e9dure et contentieux devant les juridictions - Ma\u00eetre Belgin Pelit-Jumel<\/title>\n<meta name=\"description\" content=\"Ma\u00eetre Belgin Pelit-Jumel informe et conseille sur l\u2019opportunit\u00e9 de la proc\u00e9dure devant les juridictions de premi\u00e8re instance et devant la Cour.\" \/>\n<meta name=\"robots\" content=\"index, follow, max-snippet:-1, max-image-preview:large, max-video-preview:-1\" \/>\n<link rel=\"canonical\" href=\"https:\/\/www.cabinet-avocat-pelitjumel.fr\/index.php\/procedure-et-du-contentieux-devant-les-differentes-juridictions\/\" \/>\n<meta property=\"og:locale\" content=\"fr_FR\" \/>\n<meta property=\"og:type\" content=\"article\" \/>\n<meta property=\"og:title\" content=\"Proc\u00e9dure et contentieux devant les juridictions - Ma\u00eetre Belgin Pelit-Jumel\" \/>\n<meta property=\"og:description\" content=\"Ma\u00eetre Belgin Pelit-Jumel informe et conseille sur l\u2019opportunit\u00e9 de la proc\u00e9dure devant les juridictions de premi\u00e8re instance et devant la Cour.\" \/>\n<meta property=\"og:url\" content=\"https:\/\/www.cabinet-avocat-pelitjumel.fr\/index.php\/procedure-et-du-contentieux-devant-les-differentes-juridictions\/\" \/>\n<meta property=\"og:site_name\" content=\"Belgin Pelit-Jumel - Avocat\" \/>\n<meta property=\"article:modified_time\" content=\"2016-12-06T10:36:56+00:00\" \/>\n<meta name=\"twitter:card\" content=\"summary\" \/>\n<meta name=\"twitter:label1\" content=\"Dur\u00e9e de lecture estim\u00e9e\" \/>\n\t<meta name=\"twitter:data1\" content=\"4 minutes\" \/>\n<script type=\"application\/ld+json\" class=\"yoast-schema-graph\">{\"@context\":\"https:\/\/schema.org\",\"@graph\":[{\"@type\":\"WebPage\",\"@id\":\"https:\/\/www.cabinet-avocat-pelitjumel.fr\/index.php\/procedure-et-du-contentieux-devant-les-differentes-juridictions\/\",\"url\":\"https:\/\/www.cabinet-avocat-pelitjumel.fr\/index.php\/procedure-et-du-contentieux-devant-les-differentes-juridictions\/\",\"name\":\"Proc\u00e9dure et contentieux devant les juridictions - Ma\u00eetre Belgin Pelit-Jumel\",\"isPartOf\":{\"@id\":\"https:\/\/www.cabinet-avocat-pelitjumel.fr\/#website\"},\"datePublished\":\"2016-11-14T14:38:08+00:00\",\"dateModified\":\"2016-12-06T10:36:56+00:00\",\"description\":\"Ma\u00eetre Belgin Pelit-Jumel informe et conseille sur l\u2019opportunit\u00e9 de la proc\u00e9dure devant les juridictions de premi\u00e8re instance et devant la Cour.\",\"breadcrumb\":{\"@id\":\"https:\/\/www.cabinet-avocat-pelitjumel.fr\/index.php\/procedure-et-du-contentieux-devant-les-differentes-juridictions\/#breadcrumb\"},\"inLanguage\":\"fr-FR\",\"potentialAction\":[{\"@type\":\"ReadAction\",\"target\":[\"https:\/\/www.cabinet-avocat-pelitjumel.fr\/index.php\/procedure-et-du-contentieux-devant-les-differentes-juridictions\/\"]}]},{\"@type\":\"BreadcrumbList\",\"@id\":\"https:\/\/www.cabinet-avocat-pelitjumel.fr\/index.php\/procedure-et-du-contentieux-devant-les-differentes-juridictions\/#breadcrumb\",\"itemListElement\":[{\"@type\":\"ListItem\",\"position\":1,\"name\":\"Accueil\",\"item\":\"https:\/\/www.cabinet-avocat-pelitjumel.fr\/\"},{\"@type\":\"ListItem\",\"position\":2,\"name\":\"Proc\u00e9dure et du contentieux devant les diff\u00e9rentes juridictions\"}]},{\"@type\":\"WebSite\",\"@id\":\"https:\/\/www.cabinet-avocat-pelitjumel.fr\/#website\",\"url\":\"https:\/\/www.cabinet-avocat-pelitjumel.fr\/\",\"name\":\"Belgin Pelit-Jumel - Avocat\",\"description\":\"Un site utilisant WordPress\",\"potentialAction\":[{\"@type\":\"SearchAction\",\"target\":{\"@type\":\"EntryPoint\",\"urlTemplate\":\"https:\/\/www.cabinet-avocat-pelitjumel.fr\/?s={search_term_string}\"},\"query-input\":\"required name=search_term_string\"}],\"inLanguage\":\"fr-FR\"}]}<\/script>\n<!-- \/ Yoast SEO plugin. -->","yoast_head_json":{"title":"Proc\u00e9dure et contentieux devant les juridictions - Ma\u00eetre Belgin Pelit-Jumel","description":"Ma\u00eetre Belgin Pelit-Jumel informe et conseille sur l\u2019opportunit\u00e9 de la proc\u00e9dure devant les juridictions de premi\u00e8re instance et devant la Cour.","robots":{"index":"index","follow":"follow","max-snippet":"max-snippet:-1","max-image-preview":"max-image-preview:large","max-video-preview":"max-video-preview:-1"},"canonical":"https:\/\/www.cabinet-avocat-pelitjumel.fr\/index.php\/procedure-et-du-contentieux-devant-les-differentes-juridictions\/","og_locale":"fr_FR","og_type":"article","og_title":"Proc\u00e9dure et contentieux devant les juridictions - Ma\u00eetre Belgin Pelit-Jumel","og_description":"Ma\u00eetre Belgin Pelit-Jumel informe et conseille sur l\u2019opportunit\u00e9 de la proc\u00e9dure devant les juridictions de premi\u00e8re instance et devant la Cour.","og_url":"https:\/\/www.cabinet-avocat-pelitjumel.fr\/index.php\/procedure-et-du-contentieux-devant-les-differentes-juridictions\/","og_site_name":"Belgin Pelit-Jumel - Avocat","article_modified_time":"2016-12-06T10:36:56+00:00","twitter_card":"summary","twitter_misc":{"Dur\u00e9e de lecture estim\u00e9e":"4 minutes"},"schema":{"@context":"https:\/\/schema.org","@graph":[{"@type":"WebPage","@id":"https:\/\/www.cabinet-avocat-pelitjumel.fr\/index.php\/procedure-et-du-contentieux-devant-les-differentes-juridictions\/","url":"https:\/\/www.cabinet-avocat-pelitjumel.fr\/index.php\/procedure-et-du-contentieux-devant-les-differentes-juridictions\/","name":"Proc\u00e9dure et contentieux devant les juridictions - Ma\u00eetre Belgin Pelit-Jumel","isPartOf":{"@id":"https:\/\/www.cabinet-avocat-pelitjumel.fr\/#website"},"datePublished":"2016-11-14T14:38:08+00:00","dateModified":"2016-12-06T10:36:56+00:00","description":"Ma\u00eetre Belgin Pelit-Jumel informe et conseille sur l\u2019opportunit\u00e9 de la proc\u00e9dure devant les juridictions de premi\u00e8re instance et devant la Cour.","breadcrumb":{"@id":"https:\/\/www.cabinet-avocat-pelitjumel.fr\/index.php\/procedure-et-du-contentieux-devant-les-differentes-juridictions\/#breadcrumb"},"inLanguage":"fr-FR","potentialAction":[{"@type":"ReadAction","target":["https:\/\/www.cabinet-avocat-pelitjumel.fr\/index.php\/procedure-et-du-contentieux-devant-les-differentes-juridictions\/"]}]},{"@type":"BreadcrumbList","@id":"https:\/\/www.cabinet-avocat-pelitjumel.fr\/index.php\/procedure-et-du-contentieux-devant-les-differentes-juridictions\/#breadcrumb","itemListElement":[{"@type":"ListItem","position":1,"name":"Accueil","item":"https:\/\/www.cabinet-avocat-pelitjumel.fr\/"},{"@type":"ListItem","position":2,"name":"Proc\u00e9dure et du contentieux devant les diff\u00e9rentes juridictions"}]},{"@type":"WebSite","@id":"https:\/\/www.cabinet-avocat-pelitjumel.fr\/#website","url":"https:\/\/www.cabinet-avocat-pelitjumel.fr\/","name":"Belgin Pelit-Jumel - Avocat","description":"Un site utilisant WordPress","potentialAction":[{"@type":"SearchAction","target":{"@type":"EntryPoint","urlTemplate":"https:\/\/www.cabinet-avocat-pelitjumel.fr\/?s={search_term_string}"},"query-input":"required name=search_term_string"}],"inLanguage":"fr-FR"}]}},"_links":{"self":[{"href":"https:\/\/www.cabinet-avocat-pelitjumel.fr\/index.php\/wp-json\/wp\/v2\/pages\/227"}],"collection":[{"href":"https:\/\/www.cabinet-avocat-pelitjumel.fr\/index.php\/wp-json\/wp\/v2\/pages"}],"about":[{"href":"https:\/\/www.cabinet-avocat-pelitjumel.fr\/index.php\/wp-json\/wp\/v2\/types\/page"}],"author":[{"embeddable":true,"href":"https:\/\/www.cabinet-avocat-pelitjumel.fr\/index.php\/wp-json\/wp\/v2\/users\/1"}],"replies":[{"embeddable":true,"href":"https:\/\/www.cabinet-avocat-pelitjumel.fr\/index.php\/wp-json\/wp\/v2\/comments?post=227"}],"version-history":[{"count":15,"href":"https:\/\/www.cabinet-avocat-pelitjumel.fr\/index.php\/wp-json\/wp\/v2\/pages\/227\/revisions"}],"predecessor-version":[{"id":322,"href":"https:\/\/www.cabinet-avocat-pelitjumel.fr\/index.php\/wp-json\/wp\/v2\/pages\/227\/revisions\/322"}],"wp:attachment":[{"href":"https:\/\/www.cabinet-avocat-pelitjumel.fr\/index.php\/wp-json\/wp\/v2\/media?parent=227"}],"curies":[{"name":"wp","href":"https:\/\/api.w.org\/{rel}","templated":true}]}}