{"id":2,"date":"2016-09-20T15:02:43","date_gmt":"2016-09-20T13:02:43","guid":{"rendered":"http:\/\/localhost\/Belgin-Pelit-Jumel\/?page_id=2"},"modified":"2019-02-11T12:11:04","modified_gmt":"2019-02-11T11:11:04","slug":"accueil","status":"publish","type":"page","link":"https:\/\/www.cabinet-avocat-pelitjumel.fr\/","title":{"rendered":"Accueil"},"content":{"rendered":"<p><div class=\"fusion-fullwidth fullwidth-box fusion-builder-row-1 transition_bloc nonhundred-percent-fullwidth non-hundred-percent-height-scrolling\" style=\"background-color: rgba(255,255,255,0);background-position: center center;background-repeat: no-repeat;padding-top:20px;padding-right:0px;padding-bottom:20px;padding-left:0px;margin-bottom: 0px;margin-top: 0px;border-width: 0px 0px 0px 0px;border-color:#eae9e9;border-style:solid;\" ><div class=\"fusion-builder-row fusion-row\"><div class=\"fusion-layout-column fusion_builder_column fusion-builder-column-0 fusion_builder_column_1_1 1_1 fusion-one-full fusion-column-first fusion-column-last\" style=\"margin-top:0px;margin-bottom:0px;\"><div class=\"fusion-column-wrapper fusion-flex-column-wrapper-legacy\" style=\"background-position:left top;background-repeat:no-repeat;-webkit-background-size:cover;-moz-background-size:cover;-o-background-size:cover;background-size:cover;padding: 0px 0px 0px 0px;\"><div class=\"fusion-column-content-centered\"><div class=\"fusion-column-content\"><div class=\"fusion-text fusion-text-1\"><h3 style=\"text*align: center; padding: 20px;\">Le Cabinet de Ma\u00eetre Belgin Pelit-Jumel, implant\u00e9 \u00e0 Paris, accompagne ses Clients et Correspondants en leur apportant des conseils adapt\u00e9s \u00e0 leurs besoins, tant dans le domaine juridique que judiciaire.<\/h3>\n<p style=\"text-align: justify;\">Le Cabinet de Ma\u00eetre Belgin PELIT-JUMEL a pour volont\u00e9 d\u2019apporter son <strong>expertise<\/strong> et son <strong>exp\u00e9rience<\/strong> tant aux particuliers qu\u2019aux entreprises afin de les d\u00e9fendre aussi bien dans le cadre d\u2019une proc\u00e9dure amiable que contentieuse.<\/p>\n<p style=\"text-align: justify;\">Le Cabinet de Ma\u00eetre Belgin PELIT-JUMEL assiste les <strong>victimes<\/strong> pour qu\u2019elles obtiennent la r\u00e9paration de l\u2019int\u00e9gralit\u00e9 de leurs <strong>pr\u00e9judices<\/strong> (que ce soit les victimes d\u2019accidents de la route, les victimes d\u2019erreurs m\u00e9dicales, les victimes d\u2019agression ou les victimes d\u2019accidents du travail ou de la vie). Il intervient \u00e9galement dans le r\u00e8glement des contentieux commerciaux et du droit des affaires (contentieux <strong>bancaires<\/strong> et droit des <strong>assurances<\/strong>, droit immobilier et baux).<\/p>\n<p style=\"text-align: justify;\">Le Cabinet de Ma\u00eetre Belgin PELIT-JUMEL, fort de son pass\u00e9 d\u2019<strong>ancien Avou\u00e9<\/strong> \u00e0 la Cour, fait b\u00e9n\u00e9ficier ses Clients et Correspondants de sa sp\u00e9cialisation en proc\u00e9dure civile et de sa connaissance des subtilit\u00e9s et rouages devant les diff\u00e9rentes juridictions afin de leur apporter les conseils et les strat\u00e9gies proc\u00e9durales les plus adapt\u00e9s \u00e0 leur litige.<\/p>\n<p style=\"text-align: justify;\">Le Cabinet de Ma\u00eetre Belgin PELIT-JUMEL est un cabinet qui intervient en <strong>France et \u00e0 l&rsquo;\u00e9tranger<\/strong>, tant en fran\u00e7ais qu\u2019en turc.<\/p>\n<p style=\"text-align: justify;\">Le Cabinet de Ma\u00eetre Belgin PELIT-JUMEL est un cabinet \u00e0 taille humaine, entretenant des <strong>relations privil\u00e9gi\u00e9es<\/strong> avec chacun de ses clients.<\/p>\n<p style=\"text-transform: uppercase; color: #618f67; font-size: 30px;\">Pour une consultation contactez le cabinet au 01.45.26.98.79<\/p>\n<\/div><\/div><\/div><div class=\"fusion-clearfix\"><\/div><\/div><\/div><\/div><\/div><div class=\"fusion-fullwidth fullwidth-box fusion-builder-row-2 transition_bloc nonhundred-percent-fullwidth non-hundred-percent-height-scrolling\" style=\"background-color: #618f67;background-position: center center;background-repeat: no-repeat;padding-top:20px;padding-right:0px;padding-bottom:20px;padding-left:0px;margin-bottom: 0px;margin-top: 0px;border-width: 0px 0px 0px 0px;border-color:#eae9e9;border-style:solid;\" ><div class=\"fusion-builder-row fusion-row\"><div class=\"fusion-layout-column fusion_builder_column fusion-builder-column-1 fusion_builder_column_1_1 1_1 fusion-one-full fusion-column-first fusion-column-last\" style=\"margin-top:0px;margin-bottom:0px;\"><div class=\"fusion-column-wrapper fusion-flex-column-wrapper-legacy\" style=\"background-position:left top;background-repeat:no-repeat;-webkit-background-size:cover;-moz-background-size:cover;-o-background-size:cover;background-size:cover;padding: 0px 0px 0px 0px;\"><div class=\"fusion-column-content-centered\"><div class=\"fusion-column-content\"><div class=\"fusion-text fusion-text-2\"><h2 class=\"Titre_transition\"><span style=\"color: #ffffff;\">Nos domaines de comp\u00e9tences<\/span><\/h2>\n<\/div><\/div><\/div><div class=\"fusion-clearfix\"><\/div><\/div><\/div><\/div><\/div><div class=\"fusion-fullwidth fullwidth-box fusion-builder-row-3 nonhundred-percent-fullwidth non-hundred-percent-height-scrolling\" style=\"background-color: rgba(255,255,255,0);background-position: center center;background-repeat: no-repeat;padding-top:0px;padding-right:0px;padding-bottom:0px;padding-left:0px;margin-bottom: 0px;margin-top: 0px;border-width: 0px 0px 0px 0px;border-color:#eae9e9;border-style:solid;\" ><div class=\"fusion-builder-row fusion-row\"><div class=\"fusion-layout-column fusion_builder_column fusion-builder-column-2 fusion_builder_column_1_3 1_3 fusion-one-third fusion-column-first\" style=\"width:33.333333333333%;width:calc(33.333333333333% - ( ( 4% + 4% ) * 0.33333333333333 ) );margin-right: 4%;margin-top:30px;margin-bottom:30px;\"><div class=\"fusion-column-wrapper fusion-flex-column-wrapper-legacy\" style=\"background-position:left top;background-repeat:no-repeat;-webkit-background-size:cover;-moz-background-size:cover;-o-background-size:cover;background-size:cover;padding: 0px 0px 0px 0px;\"><div class=\"fusion-text fusion-text-3\"><p><img class=\"alignnone size-full wp-image-133 aligncenter\" src=\"http:\/\/www.cabinet-avocat-pelitjumel.fr\/wp-content\/uploads\/2016\/09\/justice.png\" alt=\"justice\" width=\"64\" height=\"64\" \/><\/p>\n<\/div><div class=\"fusion-sep-clear\"><\/div><div class=\"fusion-separator\" style=\"margin-left: auto;margin-right: auto;margin-top:10px;margin-bottom:10px;width:100%;max-width:60%;\"><div class=\"fusion-separator-border sep-single sep-solid\" style=\"border-color:#e0dede;border-top-width:1px;\"><\/div><\/div><div class=\"fusion-sep-clear\"><\/div><div class=\"fusion-text fusion-text-4\"><h4 style=\"text-align: center; margin-bottom: 20px;\">R\u00e9paration du dommage corporel<\/h4>\n<\/div><div class=\"fusion-text fusion-text-5\"><p style=\"text-align: justify;\">Vous \u00eates victime :<\/p>\n<ul>\n<li>d&rsquo;un accident de la circulation : que vous soyez conducteur ou passager transport\u00e9, en France ou \u00e0 l&rsquo;\u00e9tranger, vous pouvez pr\u00e9tendre \u00e0 une indemnisation<\/li>\n<li>d&rsquo;un accident du travail ou d&rsquo;une maladie professionnelle<\/li>\n<li>d&rsquo;un accident m\u00e9dical<\/li>\n<li>d&rsquo;un accident de la vie<\/li>\n<li>d&rsquo;infraction : agression, violence, abus sexuels&#8230;<\/li>\n<\/ul>\n<\/div><div class=\"fusion-clearfix\"><\/div><\/div><\/div><div class=\"fusion-layout-column fusion_builder_column fusion-builder-column-3 fusion_builder_column_1_3 1_3 fusion-one-third\" style=\"width:33.333333333333%;width:calc(33.333333333333% - ( ( 4% + 4% ) * 0.33333333333333 ) );margin-right: 4%;margin-top:30px;margin-bottom:30px;\"><div class=\"fusion-column-wrapper fusion-flex-column-wrapper-legacy\" style=\"background-position:left top;background-repeat:no-repeat;-webkit-background-size:cover;-moz-background-size:cover;-o-background-size:cover;background-size:cover;padding: 0px 0px 0px 0px;\"><div class=\"fusion-text fusion-text-6\"><p><img class=\"alignnone wp-image-134 size-full aligncenter\" src=\"http:\/\/www.cabinet-avocat-pelitjumel.fr\/wp-content\/uploads\/2016\/09\/accord-business.png\" width=\"64\" height=\"64\" \/><\/p>\n<\/div><div class=\"fusion-sep-clear\"><\/div><div class=\"fusion-separator\" style=\"margin-left: auto;margin-right: auto;margin-top:10px;margin-bottom:10px;width:100%;max-width:60%;\"><div class=\"fusion-separator-border sep-single sep-solid\" style=\"border-color:#e0dede;border-top-width:1px;\"><\/div><\/div><div class=\"fusion-sep-clear\"><\/div><div class=\"fusion-text fusion-text-7\"><h4 style=\"text-align: center; margin-bottom: 20px;\">Contentieux bancaire, du droit des assurances et des affaires<\/h4>\n<\/div><div class=\"fusion-text fusion-text-8\"><ul>\n<li>Droit bancaire\n<ul>\n<li>Pr\u00eats \/ cautionnements<\/li>\n<li>Compte courant<\/li>\n<li>Cr\u00e9dit \u00e0 la consommation<\/li>\n<li>Action en responsabilit\u00e9<\/li>\n<li>Effets de commerce<\/li>\n<\/ul>\n<\/li>\n<li>Contentieux commercial<\/li>\n<li>Fonctionnement et exploitation des entreprises, contentieux de responsabilit\u00e9<\/li>\n<li>Droit de la construction<\/li>\n<li>Baux<\/li>\n<li>Copropri\u00e9t\u00e9<\/li>\n<\/ul>\n<\/div><div class=\"fusion-clearfix\"><\/div><\/div><\/div><div class=\"fusion-layout-column fusion_builder_column fusion-builder-column-4 fusion_builder_column_1_3 1_3 fusion-one-third fusion-column-last\" style=\"width:33.333333333333%;width:calc(33.333333333333% - ( ( 4% + 4% ) * 0.33333333333333 ) );margin-top:30px;margin-bottom:30px;\"><div class=\"fusion-column-wrapper fusion-flex-column-wrapper-legacy\" style=\"background-position:left top;background-repeat:no-repeat;-webkit-background-size:cover;-moz-background-size:cover;-o-background-size:cover;background-size:cover;padding: 0px 0px 0px 0px;\"><div class=\"fusion-text fusion-text-9\"><p><img class=\"wp-image-132 size-full aligncenter\" src=\"http:\/\/www.cabinet-avocat-pelitjumel.fr\/wp-content\/uploads\/2016\/09\/avocat-tribunal.png\" width=\"64\" height=\"64\" \/><\/p>\n<\/div><div class=\"fusion-sep-clear\"><\/div><div class=\"fusion-separator\" style=\"margin-left: auto;margin-right: auto;margin-top:10px;margin-bottom:10px;width:100%;max-width:60%;\"><div class=\"fusion-separator-border sep-single sep-solid\" style=\"border-color:#e0dede;border-top-width:1px;\"><\/div><\/div><div class=\"fusion-sep-clear\"><\/div><div class=\"fusion-text fusion-text-10\"><h4 style=\"text-align: center; margin-bottom: 20px;\">Expert de la proc\u00e9dure et du contentieux devant les diff\u00e9rentes juridictions<\/h4>\n<\/div><div class=\"fusion-text fusion-text-11\"><ul>\n<li>Proc\u00e9dure devant les juridictions de premi\u00e8re instance<\/li>\n<li>Proc\u00e9dure devant la Cour d&rsquo;Appel<\/li>\n<li>Proc\u00e9dure d&rsquo;ex\u00e9cution \/ Arbitrage<\/li>\n<\/ul>\n<\/div><div class=\"fusion-clearfix\"><\/div><\/div><\/div><\/div><\/div><\/p>\n","protected":false},"excerpt":{"rendered":"","protected":false},"author":1,"featured_media":0,"parent":0,"menu_order":0,"comment_status":"closed","ping_status":"open","template":"100-width.php","meta":[],"yoast_head":"<!-- This site is optimized with the Yoast SEO plugin v19.7.1 - https:\/\/yoast.com\/wordpress\/plugins\/seo\/ -->\n<title>Accueil - Ma\u00eetre Belgin Pelit-Jumel - Cabinet d&#039;avocat sur Paris<\/title>\n<meta name=\"robots\" content=\"index, follow, max-snippet:-1, max-image-preview:large, max-video-preview:-1\" \/>\n<link rel=\"canonical\" href=\"https:\/\/www.cabinet-avocat-pelitjumel.fr\/\" \/>\n<meta property=\"og:locale\" content=\"fr_FR\" \/>\n<meta property=\"og:type\" content=\"article\" \/>\n<meta property=\"og:title\" content=\"Accueil - Ma\u00eetre Belgin Pelit-Jumel - Cabinet d&#039;avocat sur Paris\" \/>\n<meta property=\"og:url\" content=\"https:\/\/www.cabinet-avocat-pelitjumel.fr\/\" \/>\n<meta property=\"og:site_name\" content=\"Belgin Pelit-Jumel - Avocat\" \/>\n<meta property=\"article:modified_time\" content=\"2019-02-11T11:11:04+00:00\" \/>\n<meta property=\"og:image\" content=\"http:\/\/www.cabinet-avocat-pelitjumel.fr\/wp-content\/uploads\/2016\/09\/justice.png\" \/>\n<meta name=\"twitter:card\" content=\"summary\" \/>\n<meta name=\"twitter:label1\" content=\"Dur\u00e9e de lecture estim\u00e9e\" \/>\n\t<meta name=\"twitter:data1\" content=\"6 minutes\" \/>\n<script type=\"application\/ld+json\" class=\"yoast-schema-graph\">{\"@context\":\"https:\/\/schema.org\",\"@graph\":[{\"@type\":\"WebPage\",\"@id\":\"https:\/\/www.cabinet-avocat-pelitjumel.fr\/\",\"url\":\"https:\/\/www.cabinet-avocat-pelitjumel.fr\/\",\"name\":\"Accueil - Ma\u00eetre Belgin Pelit-Jumel - Cabinet d'avocat sur Paris\",\"isPartOf\":{\"@id\":\"https:\/\/www.cabinet-avocat-pelitjumel.fr\/#website\"},\"datePublished\":\"2016-09-20T13:02:43+00:00\",\"dateModified\":\"2019-02-11T11:11:04+00:00\",\"breadcrumb\":{\"@id\":\"https:\/\/www.cabinet-avocat-pelitjumel.fr\/#breadcrumb\"},\"inLanguage\":\"fr-FR\",\"potentialAction\":[{\"@type\":\"ReadAction\",\"target\":[\"https:\/\/www.cabinet-avocat-pelitjumel.fr\/\"]}]},{\"@type\":\"BreadcrumbList\",\"@id\":\"https:\/\/www.cabinet-avocat-pelitjumel.fr\/#breadcrumb\",\"itemListElement\":[{\"@type\":\"ListItem\",\"position\":1,\"name\":\"Accueil\",\"item\":\"https:\/\/www.cabinet-avocat-pelitjumel.fr\/\"},{\"@type\":\"ListItem\",\"position\":2,\"name\":\"Accueil\"}]},{\"@type\":\"WebSite\",\"@id\":\"https:\/\/www.cabinet-avocat-pelitjumel.fr\/#website\",\"url\":\"https:\/\/www.cabinet-avocat-pelitjumel.fr\/\",\"name\":\"Belgin Pelit-Jumel - Avocat\",\"description\":\"Un site utilisant WordPress\",\"potentialAction\":[{\"@type\":\"SearchAction\",\"target\":{\"@type\":\"EntryPoint\",\"urlTemplate\":\"https:\/\/www.cabinet-avocat-pelitjumel.fr\/?s={search_term_string}\"},\"query-input\":\"required name=search_term_string\"}],\"inLanguage\":\"fr-FR\"}]}<\/script>\n<!-- \/ Yoast SEO plugin. -->","yoast_head_json":{"title":"Accueil - Ma\u00eetre Belgin Pelit-Jumel - Cabinet d'avocat sur Paris","robots":{"index":"index","follow":"follow","max-snippet":"max-snippet:-1","max-image-preview":"max-image-preview:large","max-video-preview":"max-video-preview:-1"},"canonical":"https:\/\/www.cabinet-avocat-pelitjumel.fr\/","og_locale":"fr_FR","og_type":"article","og_title":"Accueil - Ma\u00eetre Belgin Pelit-Jumel - Cabinet d'avocat sur Paris","og_url":"https:\/\/www.cabinet-avocat-pelitjumel.fr\/","og_site_name":"Belgin Pelit-Jumel - Avocat","article_modified_time":"2019-02-11T11:11:04+00:00","og_image":[{"url":"http:\/\/www.cabinet-avocat-pelitjumel.fr\/wp-content\/uploads\/2016\/09\/justice.png"}],"twitter_card":"summary","twitter_misc":{"Dur\u00e9e de lecture estim\u00e9e":"6 minutes"},"schema":{"@context":"https:\/\/schema.org","@graph":[{"@type":"WebPage","@id":"https:\/\/www.cabinet-avocat-pelitjumel.fr\/","url":"https:\/\/www.cabinet-avocat-pelitjumel.fr\/","name":"Accueil - Ma\u00eetre Belgin Pelit-Jumel - Cabinet d'avocat sur Paris","isPartOf":{"@id":"https:\/\/www.cabinet-avocat-pelitjumel.fr\/#website"},"datePublished":"2016-09-20T13:02:43+00:00","dateModified":"2019-02-11T11:11:04+00:00","breadcrumb":{"@id":"https:\/\/www.cabinet-avocat-pelitjumel.fr\/#breadcrumb"},"inLanguage":"fr-FR","potentialAction":[{"@type":"ReadAction","target":["https:\/\/www.cabinet-avocat-pelitjumel.fr\/"]}]},{"@type":"BreadcrumbList","@id":"https:\/\/www.cabinet-avocat-pelitjumel.fr\/#breadcrumb","itemListElement":[{"@type":"ListItem","position":1,"name":"Accueil","item":"https:\/\/www.cabinet-avocat-pelitjumel.fr\/"},{"@type":"ListItem","position":2,"name":"Accueil"}]},{"@type":"WebSite","@id":"https:\/\/www.cabinet-avocat-pelitjumel.fr\/#website","url":"https:\/\/www.cabinet-avocat-pelitjumel.fr\/","name":"Belgin Pelit-Jumel - Avocat","description":"Un site utilisant WordPress","potentialAction":[{"@type":"SearchAction","target":{"@type":"EntryPoint","urlTemplate":"https:\/\/www.cabinet-avocat-pelitjumel.fr\/?s={search_term_string}"},"query-input":"required name=search_term_string"}],"inLanguage":"fr-FR"}]}},"_links":{"self":[{"href":"https:\/\/www.cabinet-avocat-pelitjumel.fr\/index.php\/wp-json\/wp\/v2\/pages\/2"}],"collection":[{"href":"https:\/\/www.cabinet-avocat-pelitjumel.fr\/index.php\/wp-json\/wp\/v2\/pages"}],"about":[{"href":"https:\/\/www.cabinet-avocat-pelitjumel.fr\/index.php\/wp-json\/wp\/v2\/types\/page"}],"author":[{"embeddable":true,"href":"https:\/\/www.cabinet-avocat-pelitjumel.fr\/index.php\/wp-json\/wp\/v2\/users\/1"}],"replies":[{"embeddable":true,"href":"https:\/\/www.cabinet-avocat-pelitjumel.fr\/index.php\/wp-json\/wp\/v2\/comments?post=2"}],"version-history":[{"count":120,"href":"https:\/\/www.cabinet-avocat-pelitjumel.fr\/index.php\/wp-json\/wp\/v2\/pages\/2\/revisions"}],"predecessor-version":[{"id":340,"href":"https:\/\/www.cabinet-avocat-pelitjumel.fr\/index.php\/wp-json\/wp\/v2\/pages\/2\/revisions\/340"}],"wp:attachment":[{"href":"https:\/\/www.cabinet-avocat-pelitjumel.fr\/index.php\/wp-json\/wp\/v2\/media?parent=2"}],"curies":[{"name":"wp","href":"https:\/\/api.w.org\/{rel}","templated":true}]}}